{"id":461,"date":"2023-05-03T13:49:25","date_gmt":"2023-05-03T11:49:25","guid":{"rendered":"https:\/\/drkontos.hu\/termek\/uncategorized\/kromcsepp\/"},"modified":"2024-03-07T13:30:43","modified_gmt":"2024-03-07T12:30:43","slug":"kromcsepp","status":"publish","type":"product","link":"https:\/\/drkontos.hu\/en\/termek\/csepp-en\/kromcsepp\/","title":{"rendered":"Chrome drops"},"content":{"rendered":"<p>Dr. K\u00f6nt\u00f6s Kr\u00f3mcsepp a kr\u00f3mhi\u00e1ny otthoni megel\u0151z\u00e9s\u00e9re \u00e9s kezel\u00e9s\u00e9re. Amely szerves, vi\u0301zoldhato\u0301, komplex forma\u0301ban tartalmazza a szervezet sza\u0301ma\u0301ra szu\u0308kse\u0301ges kro\u0301m (III) iont.<\/p>\n<p>A kr\u00f3m egy alapvet\u0151 nyomelem, mely fokozza az inzulinm\u0171k\u00f6d\u00e9st, valamint befoly\u00e1solja a sz\u00e9nhidr\u00e1t-, feh\u00e9rje- \u00e9s zs\u00edranyagcser\u00e9t.<\/p>\n<p>A kr\u00f3mhi\u00e1ny jelei lehetnek:<\/p>\n<ul>\n<li>Gyakori \u00e9hs\u00e9g\u00e9rzet<\/li>\n<li>\u00c9des \u00edzek ut\u00e1ni s\u00f3v\u00e1rg\u00e1s<\/li>\n<li>Magas koleszterin- \u00e9s trigliceridszint<\/li>\n<li>Hangulat-ingadoz\u00e1sok<\/li>\n<li>F\u00e1radts\u00e1g, kimer\u00fclts\u00e9g<\/li>\n<li>Magas v\u00e9rcukorszint<\/li>\n<\/ul>\n<p>OGY\u00c9I notifik\u00e1ci\u00f3s sz\u00e1m: 22944\/2019<\/p>\n<p><a href=\"https:\/\/drkontos.hu\/wp-content\/uploads\/2024\/03\/Ta\u0301je\u0301koztato\u0301-a-Dr-Ko\u0308nto\u0308s-Kro\u0301mcsepp-2024.pdf\" target=\"_blank\" rel=\"noopener\">Download information sheet<\/a><\/p>\n","protected":false},"excerpt":{"rendered":"<p>Dr. K\u00f6nt\u00f6s Kr\u00f3mcsepp a kr\u00f3mhi\u00e1ny otthoni megel\u0151z\u00e9s\u00e9re \u00e9s kezel\u00e9s\u00e9re. Amely szerves, vi\u0301zoldhato\u0301, komplex forma\u0301ban tartalmazza a szervezet sza\u0301ma\u0301ra szu\u0308kse\u0301ges kro\u0301m (III) iont. A kr\u00f3m&#8230;<\/p>\n","protected":false},"featured_media":746,"template":"","meta":{"_acf_changed":false},"product_brand":[],"product_cat":[35,33],"product_tag":[],"class_list":{"0":"post-461","1":"product","2":"type-product","3":"status-publish","4":"has-post-thumbnail","6":"product_cat-crome","7":"product_cat-csepp-en","9":"first","10":"instock","11":"shipping-taxable","12":"purchasable","13":"product-type-simple"},"acf":[],"yoast_head":"<!-- This site is optimized with the Yoast SEO plugin v24.6 - https:\/\/yoast.com\/wordpress\/plugins\/seo\/ -->\n<title>Chrome drops - Dr. K\u00f6nt\u00f6s<\/title>\n<meta name=\"robots\" content=\"index, follow, max-snippet:-1, max-image-preview:large, max-video-preview:-1\" \/>\n<link rel=\"canonical\" href=\"https:\/\/drkontos.hu\/en\/termek\/csepp-en\/kromcsepp\/\" \/>\n<meta property=\"og:locale\" content=\"en_US\" \/>\n<meta property=\"og:type\" content=\"article\" \/>\n<meta property=\"og:title\" content=\"Chrome drops - Dr. K\u00f6nt\u00f6s\" \/>\n<meta property=\"og:description\" content=\"Dr. K\u00f6nt\u00f6s Kr\u00f3mcsepp a kr\u00f3mhi\u00e1ny otthoni megel\u0151z\u00e9s\u00e9re \u00e9s kezel\u00e9s\u00e9re. Amely szerves, vi\u0301zoldhato\u0301, komplex forma\u0301ban tartalmazza a szervezet sza\u0301ma\u0301ra szu\u0308kse\u0301ges kro\u0301m (III) iont. A kr\u00f3m...\" \/>\n<meta property=\"og:url\" content=\"https:\/\/drkontos.hu\/en\/termek\/csepp-en\/kromcsepp\/\" \/>\n<meta property=\"og:site_name\" content=\"Dr. K\u00f6nt\u00f6s\" \/>\n<meta property=\"article:modified_time\" content=\"2024-03-07T12:30:43+00:00\" \/>\n<meta property=\"og:image\" content=\"https:\/\/drkontos.hu\/wp-content\/uploads\/2023\/05\/dr_kontos_krom_csepp-2024-b.webp\" \/>\n\t<meta property=\"og:image:width\" content=\"650\" \/>\n\t<meta property=\"og:image:height\" content=\"657\" \/>\n\t<meta property=\"og:image:type\" content=\"image\/webp\" \/>\n<meta name=\"twitter:card\" content=\"summary_large_image\" \/>\n<meta name=\"twitter:label1\" content=\"Est. reading time\" \/>\n\t<meta name=\"twitter:data1\" content=\"1 minute\" \/>\n<script type=\"application\/ld+json\" class=\"yoast-schema-graph\">{\"@context\":\"https:\/\/schema.org\",\"@graph\":[{\"@type\":\"WebPage\",\"@id\":\"https:\/\/drkontos.hu\/en\/termek\/csepp-en\/kromcsepp\/\",\"url\":\"https:\/\/drkontos.hu\/en\/termek\/csepp-en\/kromcsepp\/\",\"name\":\"Chrome drops - Dr. K\u00f6nt\u00f6s\",\"isPartOf\":{\"@id\":\"https:\/\/drkontos.hu\/#website\"},\"primaryImageOfPage\":{\"@id\":\"https:\/\/drkontos.hu\/en\/termek\/csepp-en\/kromcsepp\/#primaryimage\"},\"image\":{\"@id\":\"https:\/\/drkontos.hu\/en\/termek\/csepp-en\/kromcsepp\/#primaryimage\"},\"thumbnailUrl\":\"https:\/\/drkontos.hu\/wp-content\/uploads\/2023\/05\/dr_kontos_krom_csepp-2024-b.webp\",\"datePublished\":\"2023-05-03T11:49:25+00:00\",\"dateModified\":\"2024-03-07T12:30:43+00:00\",\"breadcrumb\":{\"@id\":\"https:\/\/drkontos.hu\/en\/termek\/csepp-en\/kromcsepp\/#breadcrumb\"},\"inLanguage\":\"en-US\",\"potentialAction\":[{\"@type\":\"ReadAction\",\"target\":[\"https:\/\/drkontos.hu\/en\/termek\/csepp-en\/kromcsepp\/\"]}]},{\"@type\":\"ImageObject\",\"inLanguage\":\"en-US\",\"@id\":\"https:\/\/drkontos.hu\/en\/termek\/csepp-en\/kromcsepp\/#primaryimage\",\"url\":\"https:\/\/drkontos.hu\/wp-content\/uploads\/2023\/05\/dr_kontos_krom_csepp-2024-b.webp\",\"contentUrl\":\"https:\/\/drkontos.hu\/wp-content\/uploads\/2023\/05\/dr_kontos_krom_csepp-2024-b.webp\",\"width\":650,\"height\":657},{\"@type\":\"BreadcrumbList\",\"@id\":\"https:\/\/drkontos.hu\/en\/termek\/csepp-en\/kromcsepp\/#breadcrumb\",\"itemListElement\":[{\"@type\":\"ListItem\",\"position\":1,\"name\":\"Kezd\u0151lap\",\"item\":\"https:\/\/drkontos.hu\/en\/\"},{\"@type\":\"ListItem\",\"position\":2,\"name\":\"Shop\",\"item\":\"https:\/\/drkontos.hu\/shop\/\"},{\"@type\":\"ListItem\",\"position\":3,\"name\":\"Chrome drops\"}]},{\"@type\":\"WebSite\",\"@id\":\"https:\/\/drkontos.hu\/#website\",\"url\":\"https:\/\/drkontos.hu\/\",\"name\":\"Dr. K\u00f6nt\u00f6s\",\"description\":\"\",\"publisher\":{\"@id\":\"https:\/\/drkontos.hu\/#organization\"},\"potentialAction\":[{\"@type\":\"SearchAction\",\"target\":{\"@type\":\"EntryPoint\",\"urlTemplate\":\"https:\/\/drkontos.hu\/?s={search_term_string}\"},\"query-input\":{\"@type\":\"PropertyValueSpecification\",\"valueRequired\":true,\"valueName\":\"search_term_string\"}}],\"inLanguage\":\"en-US\"},{\"@type\":\"Organization\",\"@id\":\"https:\/\/drkontos.hu\/#organization\",\"name\":\"Dr. K\u00f6nt\u00f6s\",\"url\":\"https:\/\/drkontos.hu\/\",\"logo\":{\"@type\":\"ImageObject\",\"inLanguage\":\"en-US\",\"@id\":\"https:\/\/drkontos.hu\/#\/schema\/logo\/image\/\",\"url\":\"https:\/\/drkontos.hu\/wp-content\/uploads\/2023\/05\/drkontos-logo-black.png\",\"contentUrl\":\"https:\/\/drkontos.hu\/wp-content\/uploads\/2023\/05\/drkontos-logo-black.png\",\"width\":200,\"height\":45,\"caption\":\"Dr. K\u00f6nt\u00f6s\"},\"image\":{\"@id\":\"https:\/\/drkontos.hu\/#\/schema\/logo\/image\/\"}}]}<\/script>\n<!-- \/ Yoast SEO plugin. -->","yoast_head_json":{"title":"Chrome drops - Dr. K\u00f6nt\u00f6s","robots":{"index":"index","follow":"follow","max-snippet":"max-snippet:-1","max-image-preview":"max-image-preview:large","max-video-preview":"max-video-preview:-1"},"canonical":"https:\/\/drkontos.hu\/en\/termek\/csepp-en\/kromcsepp\/","og_locale":"en_US","og_type":"article","og_title":"Chrome drops - Dr. K\u00f6nt\u00f6s","og_description":"Dr. K\u00f6nt\u00f6s Kr\u00f3mcsepp a kr\u00f3mhi\u00e1ny otthoni megel\u0151z\u00e9s\u00e9re \u00e9s kezel\u00e9s\u00e9re. Amely szerves, vi\u0301zoldhato\u0301, komplex forma\u0301ban tartalmazza a szervezet sza\u0301ma\u0301ra szu\u0308kse\u0301ges kro\u0301m (III) iont. A kr\u00f3m...","og_url":"https:\/\/drkontos.hu\/en\/termek\/csepp-en\/kromcsepp\/","og_site_name":"Dr. K\u00f6nt\u00f6s","article_modified_time":"2024-03-07T12:30:43+00:00","og_image":[{"width":650,"height":657,"url":"https:\/\/drkontos.hu\/wp-content\/uploads\/2023\/05\/dr_kontos_krom_csepp-2024-b.webp","type":"image\/webp"}],"twitter_card":"summary_large_image","twitter_misc":{"Est. reading time":"1 minute"},"schema":{"@context":"https:\/\/schema.org","@graph":[{"@type":"WebPage","@id":"https:\/\/drkontos.hu\/en\/termek\/csepp-en\/kromcsepp\/","url":"https:\/\/drkontos.hu\/en\/termek\/csepp-en\/kromcsepp\/","name":"Chrome drops - Dr. K\u00f6nt\u00f6s","isPartOf":{"@id":"https:\/\/drkontos.hu\/#website"},"primaryImageOfPage":{"@id":"https:\/\/drkontos.hu\/en\/termek\/csepp-en\/kromcsepp\/#primaryimage"},"image":{"@id":"https:\/\/drkontos.hu\/en\/termek\/csepp-en\/kromcsepp\/#primaryimage"},"thumbnailUrl":"https:\/\/drkontos.hu\/wp-content\/uploads\/2023\/05\/dr_kontos_krom_csepp-2024-b.webp","datePublished":"2023-05-03T11:49:25+00:00","dateModified":"2024-03-07T12:30:43+00:00","breadcrumb":{"@id":"https:\/\/drkontos.hu\/en\/termek\/csepp-en\/kromcsepp\/#breadcrumb"},"inLanguage":"en-US","potentialAction":[{"@type":"ReadAction","target":["https:\/\/drkontos.hu\/en\/termek\/csepp-en\/kromcsepp\/"]}]},{"@type":"ImageObject","inLanguage":"en-US","@id":"https:\/\/drkontos.hu\/en\/termek\/csepp-en\/kromcsepp\/#primaryimage","url":"https:\/\/drkontos.hu\/wp-content\/uploads\/2023\/05\/dr_kontos_krom_csepp-2024-b.webp","contentUrl":"https:\/\/drkontos.hu\/wp-content\/uploads\/2023\/05\/dr_kontos_krom_csepp-2024-b.webp","width":650,"height":657},{"@type":"BreadcrumbList","@id":"https:\/\/drkontos.hu\/en\/termek\/csepp-en\/kromcsepp\/#breadcrumb","itemListElement":[{"@type":"ListItem","position":1,"name":"Kezd\u0151lap","item":"https:\/\/drkontos.hu\/en\/"},{"@type":"ListItem","position":2,"name":"Shop","item":"https:\/\/drkontos.hu\/shop\/"},{"@type":"ListItem","position":3,"name":"Chrome drops"}]},{"@type":"WebSite","@id":"https:\/\/drkontos.hu\/#website","url":"https:\/\/drkontos.hu\/","name":"Dr. K\u00f6nt\u00f6s","description":"","publisher":{"@id":"https:\/\/drkontos.hu\/#organization"},"potentialAction":[{"@type":"SearchAction","target":{"@type":"EntryPoint","urlTemplate":"https:\/\/drkontos.hu\/?s={search_term_string}"},"query-input":{"@type":"PropertyValueSpecification","valueRequired":true,"valueName":"search_term_string"}}],"inLanguage":"en-US"},{"@type":"Organization","@id":"https:\/\/drkontos.hu\/#organization","name":"Dr. K\u00f6nt\u00f6s","url":"https:\/\/drkontos.hu\/","logo":{"@type":"ImageObject","inLanguage":"en-US","@id":"https:\/\/drkontos.hu\/#\/schema\/logo\/image\/","url":"https:\/\/drkontos.hu\/wp-content\/uploads\/2023\/05\/drkontos-logo-black.png","contentUrl":"https:\/\/drkontos.hu\/wp-content\/uploads\/2023\/05\/drkontos-logo-black.png","width":200,"height":45,"caption":"Dr. K\u00f6nt\u00f6s"},"image":{"@id":"https:\/\/drkontos.hu\/#\/schema\/logo\/image\/"}}]}},"_links":{"self":[{"href":"https:\/\/drkontos.hu\/en\/wp-json\/wp\/v2\/product\/461","targetHints":{"allow":["GET"]}}],"collection":[{"href":"https:\/\/drkontos.hu\/en\/wp-json\/wp\/v2\/product"}],"about":[{"href":"https:\/\/drkontos.hu\/en\/wp-json\/wp\/v2\/types\/product"}],"wp:featuredmedia":[{"embeddable":true,"href":"https:\/\/drkontos.hu\/en\/wp-json\/wp\/v2\/media\/746"}],"wp:attachment":[{"href":"https:\/\/drkontos.hu\/en\/wp-json\/wp\/v2\/media?parent=461"}],"wp:term":[{"taxonomy":"product_brand","embeddable":true,"href":"https:\/\/drkontos.hu\/en\/wp-json\/wp\/v2\/product_brand?post=461"},{"taxonomy":"product_cat","embeddable":true,"href":"https:\/\/drkontos.hu\/en\/wp-json\/wp\/v2\/product_cat?post=461"},{"taxonomy":"product_tag","embeddable":true,"href":"https:\/\/drkontos.hu\/en\/wp-json\/wp\/v2\/product_tag?post=461"}],"curies":[{"name":"wp","href":"https:\/\/api.w.org\/{rel}","templated":true}]}}